{"id":15895,"date":"2024-02-13T04:20:59","date_gmt":"2024-02-13T03:20:59","guid":{"rendered":"https:\/\/cyclingdestination.cc\/?page_id=15895"},"modified":"2024-02-13T04:27:19","modified_gmt":"2024-02-13T03:27:19","slug":"privacybeleid","status":"publish","type":"page","link":"https:\/\/cyclingdestination.cc\/de\/privacybeleid","title":{"rendered":"Datenschutzbestimmungen"},"content":{"rendered":"<div data-elementor-type=\"wp-page\" data-elementor-id=\"15895\" class=\"elementor elementor-15895\" data-elementor-post-type=\"page\">\n\t\t\t\t<div class=\"elementor-element elementor-element-47946e27 e-flex e-con-boxed e-con e-parent\" data-id=\"47946e27\" data-element_type=\"container\" data-e-type=\"container\" data-settings=\"{&quot;background_background&quot;:&quot;classic&quot;}\">\n\t\t\t\t\t<div class=\"e-con-inner\">\n\t\t\t\t<div class=\"elementor-element elementor-element-2b724519 elementor-widget elementor-widget-heading\" data-id=\"2b724519\" data-element_type=\"widget\" data-e-type=\"widget\" data-widget_type=\"heading.default\">\n\t\t\t\t<div class=\"elementor-widget-container\">\n\t\t\t\t\t<h2 class=\"elementor-heading-title elementor-size-default\">Datenschutzbestimmungen<\/h2>\t\t\t\t<\/div>\n\t\t\t\t<\/div>\n\t\t\t\t\t<\/div>\n\t\t\t\t<\/div>\n\t\t<div class=\"elementor-element elementor-element-6753dba2 e-flex e-con-boxed e-con e-parent\" data-id=\"6753dba2\" data-element_type=\"container\" data-e-type=\"container\">\n\t\t\t\t\t<div class=\"e-con-inner\">\n\t\t\t\t<div class=\"elementor-element elementor-element-3710d7c9 elementor-widget elementor-widget-html\" data-id=\"3710d7c9\" data-element_type=\"widget\" data-e-type=\"widget\" data-widget_type=\"html.default\">\n\t\t\t\t<div class=\"elementor-widget-container\">\n\t\t\t\t\t\r\n<h2>Wer wir sind<\/h2>\r\n\r\n\r\n\r\n<p>Unsere Website-Adresse lautet: https:\/\/cyclingdestination.cc.<\/p>\r\n\r\n\r\n\r\n<h2>Kommentare<\/h2>\r\n\r\n\r\n\r\n<p>Wenn Besucher Kommentare auf der Website hinterlassen, erfassen wir die im Kommentarformular angezeigten Daten, die IP-Adresse des Besuchers und den User-Agent des Browsers, um Spam zu erkennen.<\/p>\r\n\r\n\r\n\r\n<p>Eine anonymisierte Zeichenfolge, die aus Ihrer E-Mail-Adresse erstellt wird (auch Hash genannt), kann an den Gravatar-Dienst gesendet werden, wenn Sie diesen nutzen. Die Seite mit den Datenschutzbestimmungen des Gravatar-Dienstes finden Sie unter <a href=\"https:\/\/automattic.com\/privacy\/\" target=\"_blank\" rel=\"noreferrer noopener\">hier<\/a> finden: https:\/\/automattic.com\/privacy\/. Nachdem Ihr Kommentar genehmigt wurde, wird Ihr Profilbild im Kontext Ihres Kommentars \u00f6ffentlich sichtbar sein.<\/p>\r\n\r\n\r\n\r\n<h2>Medien<\/h2>\r\n\r\n\r\n\r\n<p>Wenn Sie ein registrierter Benutzer sind und Bilder auf die Website hochladen, sollten Sie es vermeiden, Bilder mit EXIF-GPS-Standortdaten hochzuladen. Besucher der Website k\u00f6nnen die Bilder von der Website herunterladen und die Standortdaten sehen.<\/p>\r\n\r\n\r\n\r\n<figure class=\"wp-block-gallery has-nested-images columns-default is-cropped\">\r\n<figure class=\"wp-block-image size-large\"><img fetchpriority=\"high\" decoding=\"async\" width=\"1024\" height=\"576\" class=\"wp-image-9058\" src=\"https:\/\/cyclingdestination.cc\/wp-content\/uploads\/2022\/11\/DSC00960-2-1024x576.jpg\" alt=\"Datenschutzbestimmungen\" srcset=\"https:\/\/cyclingdestination.cc\/wp-content\/uploads\/2022\/11\/DSC00960-2-1024x576.jpg 1024w, https:\/\/cyclingdestination.cc\/wp-content\/uploads\/2022\/11\/DSC00960-2-300x169.jpg 300w, https:\/\/cyclingdestination.cc\/wp-content\/uploads\/2022\/11\/DSC00960-2-768x432.jpg 768w, https:\/\/cyclingdestination.cc\/wp-content\/uploads\/2022\/11\/DSC00960-2-1536x864.jpg 1536w, https:\/\/cyclingdestination.cc\/wp-content\/uploads\/2022\/11\/DSC00960-2.jpg 2048w\" sizes=\"(max-width: 1024px) 100vw, 1024px\" \/><\/figure>\r\n<br>\r\n\r\n\r\n\r\n<figure class=\"wp-block-image size-large\"><img decoding=\"async\" width=\"1024\" height=\"576\" class=\"wp-image-8755\" src=\"https:\/\/cyclingdestination.cc\/wp-content\/uploads\/2022\/10\/ruben_12102022_cycling_destination_etxeondo_33-1024x576.jpg\" alt=\"winterkleidung, etxeondo, radfahren in luxemburg\" srcset=\"https:\/\/cyclingdestination.cc\/wp-content\/uploads\/2022\/10\/ruben_12102022_cycling_destination_etxeondo_33-1024x576.jpg 1024w, https:\/\/cyclingdestination.cc\/wp-content\/uploads\/2022\/10\/ruben_12102022_cycling_destination_etxeondo_33-300x169.jpg 300w, https:\/\/cyclingdestination.cc\/wp-content\/uploads\/2022\/10\/ruben_12102022_cycling_destination_etxeondo_33-768x432.jpg 768w, https:\/\/cyclingdestination.cc\/wp-content\/uploads\/2022\/10\/ruben_12102022_cycling_destination_etxeondo_33-1536x864.jpg 1536w, https:\/\/cyclingdestination.cc\/wp-content\/uploads\/2022\/10\/ruben_12102022_cycling_destination_etxeondo_33-2048x1152.jpg 2048w\" sizes=\"(max-width: 1024px) 100vw, 1024px\" \/><\/figure>\r\n\r\n\r\n\r\n\r\n<h2>Cookies<\/h2>\r\n\r\n\r\n\r\n<p>Wenn Sie einen Kommentar auf unserer Website hinterlassen, k\u00f6nnen Sie angeben, ob Ihr Name, Ihre E-Mail-Adresse und Ihr Standort in einem Cookie gespeichert werden d\u00fcrfen. Wir tun dies aus Gr\u00fcnden der Bequemlichkeit, damit Sie diese Angaben bei einem neuen Kommentar nicht erneut eingeben m\u00fcssen. Diese Cookies sind ein Jahr lang g\u00fcltig.<\/p>\r\n\r\n\r\n\r\n<p>Wenn Sie unsere Anmeldeseite besuchen, speichern wir ein tempor\u00e4res Cookie, um zu pr\u00fcfen, ob Ihr Browser Cookies zul\u00e4sst. Dieses Cookie enth\u00e4lt keine pers\u00f6nlichen Daten und wird gel\u00f6scht, sobald Sie Ihren Browser schlie\u00dfen.<\/p>\r\n\r\n\r\n\r\n<p>Sobald Sie sich anmelden, speichern wir einige Cookies, die sich auf Ihre Anmeldeinformationen und Bildschirmdarstellungsoptionen beziehen. Login-Cookies sind 2 Tage lang g\u00fcltig und Cookies f\u00fcr Bildschirmoptionen sind 1 Jahr lang g\u00fcltig. Wenn Sie \"Angemeldet bleiben\" w\u00e4hlen, wird Ihr Login 2 Wochen lang gespeichert. Sobald Sie sich von Ihrem Konto abmelden, werden die Anmelde-Cookies gel\u00f6scht.<\/p>\r\n\r\n\r\n\r\n<p>Wenn Sie einen Beitrag bearbeiten oder ver\u00f6ffentlichen, wird ein zus\u00e4tzliches Cookie von Ihrem Browser gespeichert. Dieser Cookie enth\u00e4lt keine pers\u00f6nlichen Daten, sondern nur die Post-ID des von Ihnen bearbeiteten Artikels. Dieses Cookie verf\u00e4llt nach einem Tag.<\/p>\r\n\r\n\r\n\r\n<figure class=\"wp-block-gallery has-nested-images columns-default is-cropped\">\r\n<figure class=\"wp-block-image size-large\"><img decoding=\"async\" width=\"576\" height=\"1024\" class=\"wp-image-8774\" src=\"https:\/\/cyclingdestination.cc\/wp-content\/uploads\/2022\/10\/ruben_12102022_cycling_destination_etxeondo_20-576x1024.jpg\" alt=\"\" srcset=\"https:\/\/cyclingdestination.cc\/wp-content\/uploads\/2022\/10\/ruben_12102022_cycling_destination_etxeondo_20-576x1024.jpg 576w, https:\/\/cyclingdestination.cc\/wp-content\/uploads\/2022\/10\/ruben_12102022_cycling_destination_etxeondo_20-169x300.jpg 169w, https:\/\/cyclingdestination.cc\/wp-content\/uploads\/2022\/10\/ruben_12102022_cycling_destination_etxeondo_20-768x1365.jpg 768w, https:\/\/cyclingdestination.cc\/wp-content\/uploads\/2022\/10\/ruben_12102022_cycling_destination_etxeondo_20-864x1536.jpg 864w, https:\/\/cyclingdestination.cc\/wp-content\/uploads\/2022\/10\/ruben_12102022_cycling_destination_etxeondo_20-1152x2048.jpg 1152w, https:\/\/cyclingdestination.cc\/wp-content\/uploads\/2022\/10\/ruben_12102022_cycling_destination_etxeondo_20-scaled.jpg 1440w\" sizes=\"(max-width: 576px) 100vw, 576px\" \/><\/figure>\r\n<br>\r\n\r\n\r\n\r\n<figure class=\"wp-block-image size-large\"><img loading=\"lazy\" decoding=\"async\" width=\"576\" height=\"1024\" class=\"wp-image-8775\" src=\"https:\/\/cyclingdestination.cc\/wp-content\/uploads\/2022\/10\/IMG_0103-576x1024.jpeg\" alt=\"coffee shop, bloom, luxembourg, radfahren in luxembourg, coffee by bloom\" srcset=\"https:\/\/cyclingdestination.cc\/wp-content\/uploads\/2022\/10\/IMG_0103-576x1024.jpeg 576w, https:\/\/cyclingdestination.cc\/wp-content\/uploads\/2022\/10\/IMG_0103-169x300.jpeg 169w, https:\/\/cyclingdestination.cc\/wp-content\/uploads\/2022\/10\/IMG_0103-768x1365.jpeg 768w, https:\/\/cyclingdestination.cc\/wp-content\/uploads\/2022\/10\/IMG_0103-864x1536.jpeg 864w, https:\/\/cyclingdestination.cc\/wp-content\/uploads\/2022\/10\/IMG_0103-1152x2048.jpeg 1152w, https:\/\/cyclingdestination.cc\/wp-content\/uploads\/2022\/10\/IMG_0103-scaled.jpeg 1440w\" sizes=\"(max-width: 576px) 100vw, 576px\" \/><\/figure>\r\n\r\n\r\n\r\n\r\n<h2>Eingebettete Inhalte von anderen Websites<\/h2>\r\n\r\n\r\n\r\n<p>Beitr\u00e4ge auf dieser Website k\u00f6nnen eingebettete Inhalte (z. B. Videos, Bilder, Nachrichten usw.) enthalten. Eingebettete Inhalte von anderen Websites verhalten sich genau so, als ob der Besucher diese andere Website besucht h\u00e4tte.<\/p>\r\n\r\n\r\n\r\n<p>Diese Websites k\u00f6nnen Daten \u00fcber Sie sammeln, Cookies verwenden, zus\u00e4tzliche Trackingfunktionen von Dritten einbetten und Ihre Interaktion mit diesen eingebetteten Inhalten \u00fcberwachen, einschlie\u00dflich der Aufzeichnung Ihrer Interaktion mit eingebetteten Inhalten, wenn Sie ein Konto haben und auf dieser Website angemeldet sind.<\/p>\r\n\r\n\r\n\r\n<h2>Mit wem wir Ihre Daten teilen<\/h2>\r\n\r\n\r\n\r\n<p>Wenn Sie ein neues Passwort anfordern, wird Ihre IP-Adresse in der E-Mail mit dem neuen Passwort angegeben.<\/p>\r\n\r\n\r\n\r\n<h2>Wie lange wir Ihre Daten aufbewahren<\/h2>\r\n\r\n\r\n\r\n<p>Wenn Sie einen Kommentar hinterlassen, werden dieser Kommentar und seine Metadaten f\u00fcr immer gespeichert. Auf diese Weise k\u00f6nnen wir Folgekommentare automatisch erkennen und genehmigen, ohne sie moderieren zu m\u00fcssen.<\/p>\r\n\r\n\r\n\r\n<p>F\u00fcr Benutzer, die sich auf unserer Website registrieren (falls vorhanden), speichern wir auch die pers\u00f6nlichen Informationen, die sie in ihrem Benutzerprofil angeben. Alle Nutzer k\u00f6nnen ihre pers\u00f6nlichen Daten jederzeit einsehen, bearbeiten oder l\u00f6schen (au\u00dfer dass sie ihren Benutzernamen nicht \u00e4ndern k\u00f6nnen). Auch die Administratoren der Website k\u00f6nnen diese Informationen einsehen und bearbeiten.<\/p>\r\n\r\n\r\n\r\n<h2>Welche Rechte Sie an Ihren Daten haben<\/h2>\r\n\r\n\r\n\r\n<p>Wenn Sie ein Konto auf dieser Website haben oder Kommentare hinterlassen haben, k\u00f6nnen Sie eine Exportdatei Ihrer personenbezogenen Daten anfordern, die wir \u00fcber Sie gespeichert haben, einschlie\u00dflich aller Daten, die Sie uns gegeben haben. Sie k\u00f6nnen auch verlangen, dass wir alle personenbezogenen Daten, die wir \u00fcber Sie gespeichert haben, l\u00f6schen. Davon ausgenommen sind Daten, die wir aus verwaltungstechnischen, rechtlichen oder sicherheitsrelevanten Gr\u00fcnden aufbewahren m\u00fcssen.<\/p>\r\n\r\n\r\n\r\n<h2>Wohin Ihre Daten gesendet werden<\/h2>\r\n\r\n\r\n\r\n<p>Die Antworten der Besucher k\u00f6nnen durch einen automatischen Spam-Erkennungsdienst \u00fcberwacht werden.<\/p>\r\n\r\n\r\n\r\n<p>Wenn Sie mehr Inspiration zum Radfahren suchen, besuchen Sie unsere <a href=\"https:\/\/cyclingdestination.cc\/de\/\">Homepage<\/a><\/p>\r\n\t\t\t\t<\/div>\n\t\t\t\t<\/div>\n\t\t\t\t\t<\/div>\n\t\t\t\t<\/div>\n\t\t\t\t<\/div>","protected":false},"excerpt":{"rendered":"<p>Wie zijn we Ons site adres is: https:\/\/cyclingdestination.cc. Reacties Als bezoekers reacties achterlaten op de site, verzamelen we de gegevens getoond in het reactieformulier, het IP-adres van de bezoeker en de browser user agent om te helpen spam te detecteren. Een geanonimiseerde string, gemaakt op basis van je e-mailadres (dit wordt ook een hash genoemd) [&hellip;]<\/p>\n","protected":false},"author":1,"featured_media":0,"parent":0,"menu_order":0,"comment_status":"closed","ping_status":"closed","template":"elementor_header_footer","meta":{"_acf_changed":false,"iawp_total_views":10,"footnotes":""},"categories":[],"tags":[],"class_list":["post-15895","page","type-page","status-publish","hentry"],"acf":[],"featured_image_url":[],"post_author":"Sander","assigned_categories":"","yoast_head":"<!-- This site is optimized with the Yoast SEO plugin v27.3 - https:\/\/yoast.com\/product\/yoast-seo-wordpress\/ -->\n<title>Privacybeleid - Cycling Destination<\/title>\n<meta name=\"robots\" content=\"index, follow, max-snippet:-1, max-image-preview:large, max-video-preview:-1\" \/>\n<link rel=\"canonical\" href=\"https:\/\/cyclingdestination.cc\/de\/privacybeleid\/\" \/>\n<meta property=\"og:locale\" content=\"de_DE\" \/>\n<meta property=\"og:type\" content=\"article\" \/>\n<meta property=\"og:title\" content=\"Privacybeleid - Cycling Destination\" \/>\n<meta property=\"og:description\" content=\"Wie zijn we Ons site adres is: https:\/\/cyclingdestination.cc. Reacties Als bezoekers reacties achterlaten op de site, verzamelen we de gegevens getoond in het reactieformulier, het IP-adres van de bezoeker en de browser user agent om te helpen spam te detecteren. Een geanonimiseerde string, gemaakt op basis van je e-mailadres (dit wordt ook een hash genoemd) [&hellip;]\" \/>\n<meta property=\"og:url\" content=\"https:\/\/cyclingdestination.cc\/de\/privacybeleid\/\" \/>\n<meta property=\"og:site_name\" content=\"Cycling Destination\" \/>\n<meta property=\"article:publisher\" content=\"https:\/\/www.facebook.com\/cyclingdestination.cc\" \/>\n<meta property=\"article:modified_time\" content=\"2024-02-13T03:27:19+00:00\" \/>\n<meta property=\"og:image\" content=\"https:\/\/cyclingdestination.cc\/wp-content\/uploads\/2022\/11\/DSC00960-2-1024x576.jpg\" \/>\n<meta name=\"twitter:card\" content=\"summary_large_image\" \/>\n<meta name=\"twitter:site\" content=\"@cyclingdestin\" \/>\n<meta name=\"twitter:label1\" content=\"Gesch\u00e4tzte Lesezeit\" \/>\n\t<meta name=\"twitter:data1\" content=\"4\u00a0Minuten\" \/>\n<script type=\"application\/ld+json\" class=\"yoast-schema-graph\">{\"@context\":\"https:\\\/\\\/schema.org\",\"@graph\":[{\"@type\":\"WebPage\",\"@id\":\"https:\\\/\\\/cyclingdestination.cc\\\/privacybeleid\",\"url\":\"https:\\\/\\\/cyclingdestination.cc\\\/privacybeleid\",\"name\":\"Privacybeleid - Cycling Destination\",\"isPartOf\":{\"@id\":\"https:\\\/\\\/cyclingdestination.cc\\\/#website\"},\"primaryImageOfPage\":{\"@id\":\"https:\\\/\\\/cyclingdestination.cc\\\/privacybeleid#primaryimage\"},\"image\":{\"@id\":\"https:\\\/\\\/cyclingdestination.cc\\\/privacybeleid#primaryimage\"},\"thumbnailUrl\":\"https:\\\/\\\/cyclingdestination.cc\\\/wp-content\\\/uploads\\\/2022\\\/11\\\/DSC00960-2-1024x576.jpg\",\"datePublished\":\"2024-02-13T03:20:59+00:00\",\"dateModified\":\"2024-02-13T03:27:19+00:00\",\"breadcrumb\":{\"@id\":\"https:\\\/\\\/cyclingdestination.cc\\\/privacybeleid#breadcrumb\"},\"inLanguage\":\"de\",\"potentialAction\":[{\"@type\":\"ReadAction\",\"target\":[\"https:\\\/\\\/cyclingdestination.cc\\\/privacybeleid\"]}]},{\"@type\":\"ImageObject\",\"inLanguage\":\"de\",\"@id\":\"https:\\\/\\\/cyclingdestination.cc\\\/privacybeleid#primaryimage\",\"url\":\"https:\\\/\\\/cyclingdestination.cc\\\/wp-content\\\/uploads\\\/2022\\\/11\\\/DSC00960-2-1024x576.jpg\",\"contentUrl\":\"https:\\\/\\\/cyclingdestination.cc\\\/wp-content\\\/uploads\\\/2022\\\/11\\\/DSC00960-2-1024x576.jpg\"},{\"@type\":\"BreadcrumbList\",\"@id\":\"https:\\\/\\\/cyclingdestination.cc\\\/privacybeleid#breadcrumb\",\"itemListElement\":[{\"@type\":\"ListItem\",\"position\":1,\"name\":\"Home\",\"item\":\"https:\\\/\\\/cyclingdestination.cc\\\/\"},{\"@type\":\"ListItem\",\"position\":2,\"name\":\"Privacybeleid\"}]},{\"@type\":\"WebSite\",\"@id\":\"https:\\\/\\\/cyclingdestination.cc\\\/#website\",\"url\":\"https:\\\/\\\/cyclingdestination.cc\\\/\",\"name\":\"Cycling Destination\",\"description\":\"Inspiratie voor jouw volgende fietsavontuur\",\"publisher\":{\"@id\":\"https:\\\/\\\/cyclingdestination.cc\\\/#organization\"},\"potentialAction\":[{\"@type\":\"SearchAction\",\"target\":{\"@type\":\"EntryPoint\",\"urlTemplate\":\"https:\\\/\\\/cyclingdestination.cc\\\/?s={search_term_string}\"},\"query-input\":{\"@type\":\"PropertyValueSpecification\",\"valueRequired\":true,\"valueName\":\"search_term_string\"}}],\"inLanguage\":\"de\"},{\"@type\":\"Organization\",\"@id\":\"https:\\\/\\\/cyclingdestination.cc\\\/#organization\",\"name\":\"Cycling Destination\",\"url\":\"https:\\\/\\\/cyclingdestination.cc\\\/\",\"logo\":{\"@type\":\"ImageObject\",\"inLanguage\":\"de\",\"@id\":\"https:\\\/\\\/cyclingdestination.cc\\\/#\\\/schema\\\/logo\\\/image\\\/\",\"url\":\"https:\\\/\\\/cyclingdestination.cc\\\/wp-content\\\/uploads\\\/2022\\\/01\\\/cyclingdestination_logo_RGB_zwart_vDEF-1.png\",\"contentUrl\":\"https:\\\/\\\/cyclingdestination.cc\\\/wp-content\\\/uploads\\\/2022\\\/01\\\/cyclingdestination_logo_RGB_zwart_vDEF-1.png\",\"width\":2550,\"height\":814,\"caption\":\"Cycling Destination\"},\"image\":{\"@id\":\"https:\\\/\\\/cyclingdestination.cc\\\/#\\\/schema\\\/logo\\\/image\\\/\"},\"sameAs\":[\"https:\\\/\\\/www.facebook.com\\\/cyclingdestination.cc\",\"https:\\\/\\\/x.com\\\/cyclingdestin\",\"https:\\\/\\\/www.instagram.com\\\/cyclingdestination.cc\\\/\"]}]}<\/script>\n<!-- \/ Yoast SEO plugin. -->","yoast_head_json":{"title":"Datenschutzerkl\u00e4rung - Cycling Destination","robots":{"index":"index","follow":"follow","max-snippet":"max-snippet:-1","max-image-preview":"max-image-preview:large","max-video-preview":"max-video-preview:-1"},"canonical":"https:\/\/cyclingdestination.cc\/de\/privacybeleid\/","og_locale":"de_DE","og_type":"article","og_title":"Privacybeleid - Cycling Destination","og_description":"Wie zijn we Ons site adres is: https:\/\/cyclingdestination.cc. Reacties Als bezoekers reacties achterlaten op de site, verzamelen we de gegevens getoond in het reactieformulier, het IP-adres van de bezoeker en de browser user agent om te helpen spam te detecteren. Een geanonimiseerde string, gemaakt op basis van je e-mailadres (dit wordt ook een hash genoemd) [&hellip;]","og_url":"https:\/\/cyclingdestination.cc\/de\/privacybeleid\/","og_site_name":"Cycling Destination","article_publisher":"https:\/\/www.facebook.com\/cyclingdestination.cc","article_modified_time":"2024-02-13T03:27:19+00:00","og_image":[{"url":"https:\/\/cyclingdestination.cc\/wp-content\/uploads\/2022\/11\/DSC00960-2-1024x576.jpg","type":"","width":"","height":""}],"twitter_card":"summary_large_image","twitter_site":"@cyclingdestin","twitter_misc":{"Gesch\u00e4tzte Lesezeit":"4\u00a0Minuten"},"schema":{"@context":"https:\/\/schema.org","@graph":[{"@type":"WebPage","@id":"https:\/\/cyclingdestination.cc\/privacybeleid","url":"https:\/\/cyclingdestination.cc\/privacybeleid","name":"Datenschutzerkl\u00e4rung - Cycling Destination","isPartOf":{"@id":"https:\/\/cyclingdestination.cc\/#website"},"primaryImageOfPage":{"@id":"https:\/\/cyclingdestination.cc\/privacybeleid#primaryimage"},"image":{"@id":"https:\/\/cyclingdestination.cc\/privacybeleid#primaryimage"},"thumbnailUrl":"https:\/\/cyclingdestination.cc\/wp-content\/uploads\/2022\/11\/DSC00960-2-1024x576.jpg","datePublished":"2024-02-13T03:20:59+00:00","dateModified":"2024-02-13T03:27:19+00:00","breadcrumb":{"@id":"https:\/\/cyclingdestination.cc\/privacybeleid#breadcrumb"},"inLanguage":"de","potentialAction":[{"@type":"ReadAction","target":["https:\/\/cyclingdestination.cc\/privacybeleid"]}]},{"@type":"ImageObject","inLanguage":"de","@id":"https:\/\/cyclingdestination.cc\/privacybeleid#primaryimage","url":"https:\/\/cyclingdestination.cc\/wp-content\/uploads\/2022\/11\/DSC00960-2-1024x576.jpg","contentUrl":"https:\/\/cyclingdestination.cc\/wp-content\/uploads\/2022\/11\/DSC00960-2-1024x576.jpg"},{"@type":"BreadcrumbList","@id":"https:\/\/cyclingdestination.cc\/privacybeleid#breadcrumb","itemListElement":[{"@type":"ListItem","position":1,"name":"Home","item":"https:\/\/cyclingdestination.cc\/"},{"@type":"ListItem","position":2,"name":"Privacybeleid"}]},{"@type":"WebSite","@id":"https:\/\/cyclingdestination.cc\/#website","url":"https:\/\/cyclingdestination.cc\/","name":"Ziel Radfahren","description":"Inspiration f\u00fcr Ihr n\u00e4chstes Fahrradabenteuer","publisher":{"@id":"https:\/\/cyclingdestination.cc\/#organization"},"potentialAction":[{"@type":"SearchAction","target":{"@type":"EntryPoint","urlTemplate":"https:\/\/cyclingdestination.cc\/?s={search_term_string}"},"query-input":{"@type":"PropertyValueSpecification","valueRequired":true,"valueName":"search_term_string"}}],"inLanguage":"de"},{"@type":"Organization","@id":"https:\/\/cyclingdestination.cc\/#organization","name":"Ziel Radfahren","url":"https:\/\/cyclingdestination.cc\/","logo":{"@type":"ImageObject","inLanguage":"de","@id":"https:\/\/cyclingdestination.cc\/#\/schema\/logo\/image\/","url":"https:\/\/cyclingdestination.cc\/wp-content\/uploads\/2022\/01\/cyclingdestination_logo_RGB_zwart_vDEF-1.png","contentUrl":"https:\/\/cyclingdestination.cc\/wp-content\/uploads\/2022\/01\/cyclingdestination_logo_RGB_zwart_vDEF-1.png","width":2550,"height":814,"caption":"Cycling Destination"},"image":{"@id":"https:\/\/cyclingdestination.cc\/#\/schema\/logo\/image\/"},"sameAs":["https:\/\/www.facebook.com\/cyclingdestination.cc","https:\/\/x.com\/cyclingdestin","https:\/\/www.instagram.com\/cyclingdestination.cc\/"]}]}},"_links":{"self":[{"href":"https:\/\/cyclingdestination.cc\/de\/wp-json\/wp\/v2\/pages\/15895","targetHints":{"allow":["GET"]}}],"collection":[{"href":"https:\/\/cyclingdestination.cc\/de\/wp-json\/wp\/v2\/pages"}],"about":[{"href":"https:\/\/cyclingdestination.cc\/de\/wp-json\/wp\/v2\/types\/page"}],"author":[{"embeddable":true,"href":"https:\/\/cyclingdestination.cc\/de\/wp-json\/wp\/v2\/users\/1"}],"replies":[{"embeddable":true,"href":"https:\/\/cyclingdestination.cc\/de\/wp-json\/wp\/v2\/comments?post=15895"}],"version-history":[{"count":0,"href":"https:\/\/cyclingdestination.cc\/de\/wp-json\/wp\/v2\/pages\/15895\/revisions"}],"wp:attachment":[{"href":"https:\/\/cyclingdestination.cc\/de\/wp-json\/wp\/v2\/media?parent=15895"}],"wp:term":[{"taxonomy":"category","embeddable":true,"href":"https:\/\/cyclingdestination.cc\/de\/wp-json\/wp\/v2\/categories?post=15895"},{"taxonomy":"post_tag","embeddable":true,"href":"https:\/\/cyclingdestination.cc\/de\/wp-json\/wp\/v2\/tags?post=15895"}],"curies":[{"name":"wp","href":"https:\/\/api.w.org\/{rel}","templated":true}]}}